{"id":352,"date":"2026-02-22T01:57:53","date_gmt":"2026-02-22T01:57:53","guid":{"rendered":"https:\/\/glamhardrock.com\/acerca-de\/"},"modified":"2026-03-05T16:52:11","modified_gmt":"2026-03-05T16:52:11","slug":"acerca-de","status":"publish","type":"page","link":"https:\/\/glamhardrock.com\/es\/acerca-de\/","title":{"rendered":"Nosotros"},"content":{"rendered":"\t\t<div data-elementor-type=\"wp-page\" data-elementor-id=\"352\" class=\"elementor elementor-352 elementor-125\">\n\t\t\t\t<div class=\"elementor-element elementor-element-41a145c e-flex e-con-boxed e-con e-parent\" data-id=\"41a145c\" data-element_type=\"container\" data-e-type=\"container\">\n\t\t\t\t\t<div class=\"e-con-inner\">\n\t\t\t\t<div class=\"elementor-element elementor-element-fa636bf elementor-widget elementor-widget-heading\" data-id=\"fa636bf\" data-element_type=\"widget\" data-e-type=\"widget\" data-widget_type=\"heading.default\">\n\t\t\t\t\t<h2 class=\"elementor-heading-title elementor-size-default\">\u00bfQUI\u00c9NES SOMOS?<\/h2>\t\t\t\t<\/div>\n\t\t\t\t\t<\/div>\n\t\t\t\t<\/div>\n\t\t<div class=\"elementor-element elementor-element-28f2cb9 e-flex e-con-boxed e-con e-parent\" data-id=\"28f2cb9\" data-element_type=\"container\" data-e-type=\"container\">\n\t\t\t\t\t<div class=\"e-con-inner\">\n\t\t\t\t<div class=\"elementor-element elementor-element-fa09778 elementor-widget elementor-widget-text-editor\" data-id=\"fa09778\" data-element_type=\"widget\" data-e-type=\"widget\" data-widget_type=\"text-editor.default\">\n\t\t\t\t\t\t\t\t\t<p><strong>Glam \/ Hard Rock es una plataforma de medios musicales independiente centrada en la cultura del rock, los conciertos en vivo y las entrevistas exclusivas.<\/strong><\/p><p><strong>Cubrimos conciertos, movimientos underground y escenas de rock internacionales, desde locales peque\u00f1os hasta escenarios globales.<\/strong><\/p><p><strong>Nuestra misi\u00f3n es simple: apoyar la escena, amplificar nuevas voces y mantener viva la cultura del rock.<\/strong><\/p>\t\t\t\t\t\t\t\t<\/div>\n\t\t\t\t\t<\/div>\n\t\t\t\t<\/div>\n\t\t<div class=\"elementor-element elementor-element-76f0f2e e-flex e-con-boxed e-con e-parent\" data-id=\"76f0f2e\" data-element_type=\"container\" data-e-type=\"container\">\n\t\t\t\t\t<div class=\"e-con-inner\">\n\t\t\t\t<div class=\"elementor-element elementor-element-773ce37 elementor-widget elementor-widget-heading\" data-id=\"773ce37\" data-element_type=\"widget\" data-e-type=\"widget\" data-widget_type=\"heading.default\">\n\t\t\t\t\t<h2 class=\"elementor-heading-title elementor-size-default\">NUESTRA MISI\u00d3N<\/h2>\t\t\t\t<\/div>\n\t\t\t\t\t<\/div>\n\t\t\t\t<\/div>\n\t\t<div class=\"elementor-element elementor-element-a9fb911 e-flex e-con-boxed e-con e-parent\" data-id=\"a9fb911\" data-element_type=\"container\" data-e-type=\"container\">\n\t\t\t\t\t<div class=\"e-con-inner\">\n\t\t\t\t<div class=\"elementor-element elementor-element-068143a elementor-widget elementor-widget-text-editor\" data-id=\"068143a\" data-element_type=\"widget\" data-e-type=\"widget\" data-widget_type=\"text-editor.default\">\n\t\t\t\t\t\t\t\t\t<p>Nuestra misi\u00f3n es amplificar a los artistas, destacar el talento emergente y celebrar el legado del rock a trav\u00e9s de las generaciones.<\/p><p>Desde artistas underground hasta grandes cabezas de cartel, nos centramos en las historias que importan.<\/p>\t\t\t\t\t\t\t\t<\/div>\n\t\t\t\t\t<\/div>\n\t\t\t\t<\/div>\n\t\t<div class=\"elementor-element elementor-element-9f1d0c9 e-flex e-con-boxed e-con e-parent\" data-id=\"9f1d0c9\" data-element_type=\"container\" data-e-type=\"container\">\n\t\t\t\t\t<div class=\"e-con-inner\">\n\t\t\t\t<div class=\"elementor-element elementor-element-a84cae9 elementor-widget elementor-widget-heading\" data-id=\"a84cae9\" data-element_type=\"widget\" data-e-type=\"widget\" data-widget_type=\"heading.default\">\n\t\t\t\t\t<h2 class=\"elementor-heading-title elementor-size-default\">QU\u00c9 CUBRIMOS<\/h2>\t\t\t\t<\/div>\n\t\t\t\t\t<\/div>\n\t\t\t\t<\/div>\n\t\t<div class=\"elementor-element elementor-element-344097f e-flex e-con-boxed e-con e-parent\" data-id=\"344097f\" data-element_type=\"container\" data-e-type=\"container\">\n\t\t\t\t\t<div class=\"e-con-inner\">\n\t\t\t\t<div class=\"elementor-element elementor-element-ee0e2c1 elementor-widget elementor-widget-text-editor\" data-id=\"ee0e2c1\" data-element_type=\"widget\" data-e-type=\"widget\" data-widget_type=\"text-editor.default\">\n\t\t\t\t\t\t\t\t\t<p>\u2022 Entrevistas y reportajes exclusivos<br data-start=\"1222\" data-end=\"1225\">\u2022 Cobertura de conciertos y festivales<br data-start=\"1254\" data-end=\"1257\">\u2022 Noticias de la industria<br data-start=\"1272\" data-end=\"1275\">\u2022 Artistas destacados<br data-start=\"1294\" data-end=\"1297\">\u2022 Columnas editoriales<\/p>\t\t\t\t\t\t\t\t<\/div>\n\t\t\t\t\t<\/div>\n\t\t\t\t<\/div>\n\t\t<div class=\"elementor-element elementor-element-c7e00da e-flex e-con-boxed e-con e-parent\" data-id=\"c7e00da\" data-element_type=\"container\" data-e-type=\"container\">\n\t\t\t\t\t<div class=\"e-con-inner\">\n\t\t\t\t<div class=\"elementor-element elementor-element-9fd6a76 elementor-widget elementor-widget-heading\" data-id=\"9fd6a76\" data-element_type=\"widget\" data-e-type=\"widget\" data-widget_type=\"heading.default\">\n\t\t\t\t\t<h2 class=\"elementor-heading-title elementor-size-default\">AUDIENCIA GLOBAL<\/h2>\t\t\t\t<\/div>\n\t\t\t\t\t<\/div>\n\t\t\t\t<\/div>\n\t\t<div class=\"elementor-element elementor-element-434424f e-flex e-con-boxed e-con e-parent\" data-id=\"434424f\" data-element_type=\"container\" data-e-type=\"container\">\n\t\t\t\t\t<div class=\"e-con-inner\">\n\t\t\t\t<div class=\"elementor-element elementor-element-0b90602 elementor-widget elementor-widget-text-editor\" data-id=\"0b90602\" data-element_type=\"widget\" data-e-type=\"widget\" data-widget_type=\"text-editor.default\">\n\t\t\t\t\t\t\t\t\t<p>Nuestros lectores se extienden por Estados Unidos, M\u00e9xico, Canad\u00e1, Brasil, el Reino Unido y m\u00e1s all\u00e1<\/p>\t\t\t\t\t\t\t\t<\/div>\n\t\t\t\t\t<\/div>\n\t\t\t\t<\/div>\n\t\t<div class=\"elementor-element elementor-element-ea01eb6 e-flex e-con-boxed e-con e-parent\" data-id=\"ea01eb6\" data-element_type=\"container\" data-e-type=\"container\">\n\t\t\t\t\t<div class=\"e-con-inner\">\n\t\t\t\t<div class=\"elementor-element elementor-element-b38496f elementor-widget elementor-widget-heading\" data-id=\"b38496f\" data-element_type=\"widget\" data-e-type=\"widget\" data-widget_type=\"heading.default\">\n\t\t\t\t\t<h2 class=\"elementor-heading-title elementor-size-default\">TRABAJA CON NOSOTROS<\/h2>\t\t\t\t<\/div>\n\t\t\t\t\t<\/div>\n\t\t\t\t<\/div>\n\t\t<div class=\"elementor-element elementor-element-02cd070 e-flex e-con-boxed e-con e-parent\" data-id=\"02cd070\" data-element_type=\"container\" data-e-type=\"container\">\n\t\t\t\t\t<div class=\"e-con-inner\">\n\t\t\t\t<div class=\"elementor-element elementor-element-467b0f7 elementor-widget elementor-widget-text-editor\" data-id=\"467b0f7\" data-element_type=\"widget\" data-e-type=\"widget\" data-widget_type=\"text-editor.default\">\n\t\t\t\t\t\t\t\t\t<p>Colaboramos con artistas, sellos discogr\u00e1ficos, promotores y marcas que se alinean con nuestra visi\u00f3n.<\/p><p>Para asociaciones, entrevistas u oportunidades de medios, visita nuestra p\u00e1gina de Contacto.<\/p>\t\t\t\t\t\t\t\t<\/div>\n\t\t\t\t\t<\/div>\n\t\t\t\t<\/div>\n\t\t<div class=\"elementor-element elementor-element-a3f5612 e-flex e-con-boxed e-con e-parent\" data-id=\"a3f5612\" data-element_type=\"container\" data-e-type=\"container\">\n\t\t\t\t\t<div class=\"e-con-inner\">\n\t\t\t\t<div class=\"elementor-element elementor-element-77f9243 elementor-widget elementor-widget-button\" data-id=\"77f9243\" data-element_type=\"widget\" data-e-type=\"widget\" data-widget_type=\"button.default\">\n\t\t\t\t\t\t\t\t\t\t<a class=\"elementor-button elementor-button-link elementor-size-sm\" href=\"http:\/\/glamhardrock.com\/es\/contacto\">\n\t\t\t\t\t\t<span class=\"elementor-button-content-wrapper\">\n\t\t\t\t\t\t\t\t\t<span class=\"elementor-button-text\">Contacta con nosotros<\/span>\n\t\t\t\t\t<\/span>\n\t\t\t\t\t<\/a>\n\t\t\t\t\t\t\t\t<\/div>\n\t\t\t\t\t<\/div>\n\t\t\t\t<\/div>\n\t\t\t\t<\/div>\n\t\t","protected":false},"excerpt":{"rendered":"<p>\u00bfQUI\u00c9NES SOMOS? Glam \/ Hard Rock es una plataforma de medios musicales independiente centrada en la cultura del rock, los conciertos en vivo y las entrevistas exclusivas. Cubrimos conciertos, movimientos underground y escenas de rock internacionales, desde locales peque\u00f1os hasta escenarios globales. Nuestra misi\u00f3n es simple: apoyar la escena, amplificar nuevas voces y mantener viva [&hellip;]<\/p>\n","protected":false},"author":1,"featured_media":0,"parent":0,"menu_order":0,"comment_status":"closed","ping_status":"closed","template":"","meta":{"_acf_changed":false,"jnews_page_loop":{"first_title":"Latest Post","header_type":"heading_6","layout":"right-sidebar","sidebar":"default-sidebar","second_sidebar":"default-sidebar","sticky_sidebar":"1","module":"3","main_custom_image_size":"default","second_custom_image_size":"default","excerpt_length":"20","content_date":"default","date_custom":"Y\/m\/d","content_pagination":"nav_1","pagination_align":"center","post_sticky":"0","post_offset":"0","posts_per_page":"5","sort_by":"latest"},"jnews_single_page":{"layout":"no-sidebar","sidebar":"default-sidebar","second_sidebar":"default-sidebar","sticky_sidebar":"1","show_post_title":"1","show_post_breadcrumbs":"1","show_post_featured":"1","share_position":"hide","share_color":"share-monocrhome"},"footnotes":""},"class_list":["post-352","page","type-page","status-publish","hentry"],"acf":[],"_links":{"self":[{"href":"https:\/\/glamhardrock.com\/es\/wp-json\/wp\/v2\/pages\/352","targetHints":{"allow":["GET"]}}],"collection":[{"href":"https:\/\/glamhardrock.com\/es\/wp-json\/wp\/v2\/pages"}],"about":[{"href":"https:\/\/glamhardrock.com\/es\/wp-json\/wp\/v2\/types\/page"}],"author":[{"embeddable":true,"href":"https:\/\/glamhardrock.com\/es\/wp-json\/wp\/v2\/users\/1"}],"replies":[{"embeddable":true,"href":"https:\/\/glamhardrock.com\/es\/wp-json\/wp\/v2\/comments?post=352"}],"version-history":[{"count":8,"href":"https:\/\/glamhardrock.com\/es\/wp-json\/wp\/v2\/pages\/352\/revisions"}],"predecessor-version":[{"id":480,"href":"https:\/\/glamhardrock.com\/es\/wp-json\/wp\/v2\/pages\/352\/revisions\/480"}],"wp:attachment":[{"href":"https:\/\/glamhardrock.com\/es\/wp-json\/wp\/v2\/media?parent=352"}],"curies":[{"name":"wp","href":"https:\/\/api.w.org\/{rel}","templated":true}]}}